{"id":1782,"date":"2025-03-12T10:32:31","date_gmt":"2025-03-12T14:32:31","guid":{"rendered":"https:\/\/maitregestion.com\/service-de-conciergerie\/"},"modified":"2026-04-02T09:26:41","modified_gmt":"2026-04-02T13:26:41","slug":"service-de-conciergerie","status":"publish","type":"page","link":"https:\/\/maitregestion.com\/fr\/service-de-conciergerie\/","title":{"rendered":"Services suppl\u00e9mentaires"},"content":{"rendered":"\t\t<div data-elementor-type=\"wp-page\" data-elementor-id=\"1782\" class=\"elementor elementor-1782 elementor-13\" data-elementor-post-type=\"page\">\n\t\t\t\t<div class=\"elementor-element elementor-element-e201faf e-con-full e-flex e-con e-parent\" data-id=\"e201faf\" data-element_type=\"container\" data-e-type=\"container\" data-settings=\"{&quot;background_background&quot;:&quot;classic&quot;}\">\n\t\t\t\t<div class=\"elementor-element elementor-element-22682fb elementor-widget elementor-widget-heading\" data-id=\"22682fb\" data-element_type=\"widget\" data-e-type=\"widget\" data-widget_type=\"heading.default\">\n\t\t\t\t<div class=\"elementor-widget-container\">\n\t\t\t\t\t<h1 class=\"elementor-heading-title elementor-size-default\">disponible pour tous vos besoins<\/h1>\t\t\t\t<\/div>\n\t\t\t\t<\/div>\n\t\t\t\t<\/div>\n\t\t<div class=\"elementor-element elementor-element-dc68547 e-flex e-con-boxed e-con e-parent\" data-id=\"dc68547\" data-element_type=\"container\" data-e-type=\"container\">\n\t\t\t\t\t<div class=\"e-con-inner\">\n\t\t\t\t<div class=\"elementor-element elementor-element-3c8288a elementor-widget elementor-widget-heading\" data-id=\"3c8288a\" data-element_type=\"widget\" data-e-type=\"widget\" data-widget_type=\"heading.default\">\n\t\t\t\t<div class=\"elementor-widget-container\">\n\t\t\t\t\t<h2 class=\"elementor-heading-title elementor-size-default\">Un soutien pour tous les styles de vie<\/h2>\t\t\t\t<\/div>\n\t\t\t\t<\/div>\n\t\t\t\t<div class=\"elementor-element elementor-element-662fffa elementor-widget elementor-widget-text-editor\" data-id=\"662fffa\" data-element_type=\"widget\" data-e-type=\"widget\" data-widget_type=\"text-editor.default\">\n\t\t\t\t<div class=\"elementor-widget-container\">\n\t\t\t\t\t\t\t\t\t<p>Ces services suppl\u00e9mentaires sont propos\u00e9s \u00e0 tous les clients de Ma\u00eetre Gestion, quel que soit le type de bien immobilier concern\u00e9, qu&rsquo;il s&rsquo;agisse de chalets, de r\u00e9sidences secondaires, d&rsquo;appartements en copropri\u00e9t\u00e9 ou de complexes immobiliers. Quelle que soit la demande, nous restons votre unique point de contact pour la coordonner, la documenter et la mener \u00e0 bien avec une responsabilit\u00e9 claire.<\/p>\t\t\t\t\t\t\t\t<\/div>\n\t\t\t\t<\/div>\n\t\t\t\t\t<\/div>\n\t\t\t\t<\/div>\n\t\t<div class=\"elementor-element elementor-element-535f11a e-flex e-con-boxed e-con e-parent\" data-id=\"535f11a\" data-element_type=\"container\" data-e-type=\"container\">\n\t\t\t\t\t<div class=\"e-con-inner\">\n\t\t\t\t<div class=\"elementor-element elementor-element-14bb82d elementor-widget elementor-widget-ucaddon_vertical_curve_timeline\" data-id=\"14bb82d\" data-element_type=\"widget\" data-e-type=\"widget\" data-widget_type=\"ucaddon_vertical_curve_timeline.default\">\n\t\t\t\t<div class=\"elementor-widget-container\">\n\t\t\t\t\t\n<!-- start Vertical Curved Timeline -->\n\t\t<link id='font-awesome-css' href='https:\/\/maitregestion.com\/wp-content\/plugins\/unlimited-elements-for-elementor-premium\/assets_libraries\/font-awesome6\/fontawesome-all.min.css' type='text\/css' rel='stylesheet' >\n\t\t<link id='font-awesome-4-shim-css' href='https:\/\/maitregestion.com\/wp-content\/plugins\/unlimited-elements-for-elementor-premium\/assets_libraries\/font-awesome6\/fontawesome-v4-shims.min.css' type='text\/css' rel='stylesheet' >\n\n<style>\/* widget: Vertical Curved Timeline *\/\n\n#uc_vertical_curve_timeline_elementor_14bb82d.ue-container{\n  width: 100%;\n  display: flex;\n  align-items: center;\n}\n\n\/* Timeline Container *\/\n\n#uc_vertical_curve_timeline_elementor_14bb82d .ue-timeline {\n  width:100%;\n  margin: 0 auto;\n  padding: 0 20px;\n}\n\n#uc_vertical_curve_timeline_elementor_14bb82d .ue-item-image{\n  overflow:hidden;\n}\n\n#uc_vertical_curve_timeline_elementor_14bb82d .ue-item-image img{\n  width:100%;\n  height: 100%;\n  transition:0.3s;\n}\n\n\/* Card container *\/\n#uc_vertical_curve_timeline_elementor_14bb82d .ue-card {\n  position: relative;\n  display: flex;\n}\n\n#uc_vertical_curve_timeline_elementor_14bb82d .ue-slno{\n  border-radius: 50%;\n  position: absolute;\n  top: 50%;\n  left: 0;\n  transform: translate(-50%, -50%);\n  display: grid;\n  place-content: center;\n}\n\n\/* setting padding based on even or odd *\/\n  #uc_vertical_curve_timeline_elementor_14bb82d .ue-card:nth-child(odd) {\n    padding: 30px 0 30px 30px;\n  }\n  #uc_vertical_curve_timeline_elementor_14bb82d .ue-card:nth-child(even) {\n    padding: 30px 30px 30px 0;\n  }\n  \/* Global ::before *\/\n  #uc_vertical_curve_timeline_elementor_14bb82d .ue-card::before {\n    content: \"\";\n    position: absolute;\n    width: 50%;\n  }\n\n  \/* Setting the border of top, bottom, left *\/\n  #uc_vertical_curve_timeline_elementor_14bb82d .ue-card:nth-child(odd)::before {\n    left: 0px;\n    top: -5px;\n    bottom: -5px;\n    border-width: 5px 0 5px 5px;\n    border-radius: 20px 0 0 20px;\n  }\n\n  \/* Setting the top and bottom to \"-5px\" because earlier it was out of a pixel in mobile devices *\/\n  @media only screen and (max-width: 400px) {\n    #uc_vertical_curve_timeline_elementor_14bb82d .ue-card:nth-child(odd)::before {\n      top: -5px;\n      bottom: -5px;\n    }\n  }\n\n  \/* Setting the border of top, bottom, right *\/\n  #uc_vertical_curve_timeline_elementor_14bb82d .ue-card:nth-child(even)::before {\n    right: 0;\n    top: 0;\n    bottom: 0;\n    border-width: 5px 5px 5px 0;\n    border-radius: 0 20px 20px 0;\n  }\n\n  \/* Removing the border if it is the first card *\/\n  #uc_vertical_curve_timeline_elementor_14bb82d .ue-card:first-child::before {\n    border-top: 0;\n    border-top-left-radius: 0;\n  }\n\n  \/* Removing the border if it is the last card  and it's odd *\/\n  #uc_vertical_curve_timeline_elementor_14bb82d .ue-card:last-child:nth-child(odd)::before {\n    border-bottom: 0;\n    border-bottom-left-radius: 0;\n  }\n\n  \/* Removing the border if it is the last card  and it's even *\/\n  #uc_vertical_curve_timeline_elementor_14bb82d .ue-card:last-child:nth-child(even)::before {\n    border-bottom: 0;\n    border-bottom-right-radius: 0;\n  }\n\n  \/* Information about the timeline *\/\n  #uc_vertical_curve_timeline_elementor_14bb82d .ue-info {\n    display: flex;\n    border-radius: 10px;\n    padding: 10px;\n    width: 100%;\n    position: relative;\n    z-index: 1;\n  }\n\n  \/* Title of the card *\/\n  #uc_vertical_curve_timeline_elementor_14bb82d .ue-title {\n    position: relative;\n  }\n\n  \/* Timeline dot  *\/\n\n  \/* text right if the card is even  *\/\n  #uc_vertical_curve_timeline_elementor_14bb82d .ue-card:nth-child(even) {\n    text-align: right;\n  }\n\n  #uc_vertical_curve_timeline_elementor_14bb82d .ue-card:nth-child(even) .ue-item-image{\n    margin-left: auto;\n  }\n\n  #uc_vertical_curve_timeline_elementor_14bb82d .ue-card:nth-child(even) .ue-info{\n    padding-right: 20px;\n    margin-left: auto;\n  }\n\n\n  #uc_vertical_curve_timeline_elementor_14bb82d .ue-card:nth-child(odd) .ue-info{\n    padding-left: 20px;\n  }\n\n  \/* setting dot to the left if the card is odd *\/\n  #uc_vertical_curve_timeline_elementor_14bb82d .ue-card:nth-child(odd) > .ue-info > .ue-title::before {\n    left: -45px;\n  }\n\n  #uc_vertical_curve_timeline_elementor_14bb82d .ue-card:nth-child(even) > .ue-slno{\n    right: 0%;\n    left: auto;\n    transform: translate(50%, -50%);\n    margin-right:calc(5px\/2);\n  }\n\n  #uc_vertical_curve_timeline_elementor_14bb82d .ue-card:nth-child(odd) > .ue-slno{\n    margin-left:calc(5px\/2);;\n  }\n\n  #uc_vertical_curve_timeline_elementor_14bb82d .ue-card:nth-child(1)::before{\n    height: 50%;\n    top: auto;\n  }\n\n  #uc_vertical_curve_timeline_elementor_14bb82d .ue-card:last-child::before{\n    height: 50%;\n  }\n\n  #uc_vertical_curve_timeline_elementor_14bb82d .ue-button-link{\n    width:fit-content;\n    z-index: 100;\n    display:inline-block;\n  }\n\n  #uc_vertical_curve_timeline_elementor_14bb82d .ue-card:nth-child(even) .ue-button-link {\n    margin-left:auto;\n  }\n\n\n    #uc_vertical_curve_timeline_elementor_14bb82d .ue-item-wrap{\n    display:flex;\n    flex-direction:column;\n  }\n\n\n\n<\/style>\n\n<div id=\"uc_vertical_curve_timeline_elementor_14bb82d\" class=\"ue-container \" >\n  <div class=\"ue-timeline\">\n    <div class=\"ue-outer uc-items-wrapper\">              \n      <div class=\"ue-card elementor-repeater-item-2f26755\">\n  \n  <div class=\"ue-slno\">\n    1          \n  <\/div>\n  \n  <div class=\"ue-info\">\n                  <div class=\"ue-item-image\">\n          <img decoding=\"async\" src=\"https:\/\/maitregestion.com\/wp-content\/uploads\/2026\/03\/butler-service-bell-wooden-desk-768x512.jpg\" alt=\"Service de conciergerie\">\n      \t<\/div>\n                \t\n    <div class=\"ue-item-wrap\">\n      <h2 class=\"ue-title\">Service de conciergerie<\/h2>      <p class=\"ue-subtitle\">Une seule demande, trait\u00e9e de bout en bout<\/p>      <div class=\"ue-description\"><p>Nous coordonnons des services locaux de confiance et des r\u00e9servations avec un suivi discret. Vous recevez des confirmations et des r\u00e9sultats, et non une logistique permanente. <\/p>\n<\/div>          <\/div>\n  <\/div>\n<\/div>\n<div class=\"ue-card elementor-repeater-item-70a7a1b\">\n  \n  <div class=\"ue-slno\">\n    2          \n  <\/div>\n  \n  <div class=\"ue-info\">\n                  <div class=\"ue-item-image\">\n          <img decoding=\"async\" src=\"https:\/\/maitregestion.com\/wp-content\/uploads\/2026\/03\/PBPH3X0-768x512.jpg\" alt=\"Soutien au projet\">\n      \t<\/div>\n                \t\n    <div class=\"ue-item-wrap\">\n      <h2 class=\"ue-title\">Soutien au projet<\/h2>      <p class=\"ue-subtitle\">Capacit\u00e9 suppl\u00e9mentaire, si n\u00e9cessaire<\/p>      <div class=\"ue-description\"><p data-start=\"245\" data-end=\"446\">Pour les projets sp\u00e9ciaux ou les besoins saisonniers, nous vous aidons \u00e0 planifier, \u00e0 programmer et \u00e0 aligner les bonnes parties. L'ex\u00e9cution reste organis\u00e9e, document\u00e9e et responsable. <\/p>\n<h2 data-start=\"448\" data-end=\"472\"> <\/h2>\n<\/div>          <\/div>\n  <\/div>\n<\/div>\n<div class=\"ue-card elementor-repeater-item-84aba47\">\n  \n  <div class=\"ue-slno\">\n    3          \n  <\/div>\n  \n  <div class=\"ue-info\">\n                  <div class=\"ue-item-image\">\n          <img decoding=\"async\" src=\"https:\/\/maitregestion.com\/wp-content\/uploads\/2026\/03\/finances-saving-economy-concept-female-accountant-banker-use-calculator-768x512.jpg\" alt=\"Facturation centralis\u00e9e\">\n      \t<\/div>\n                \t\n    <div class=\"ue-item-wrap\">\n      <h2 class=\"ue-title\">Facturation centralis\u00e9e<\/h2>      <p class=\"ue-subtitle\">Une vision financi\u00e8re claire<\/p>      <div class=\"ue-description\"><p>Nous consolidons les factures et les re\u00e7us des tiers dans un dossier propre et tra\u00e7able. Cela permet de r\u00e9duire la fragmentation et de simplifier le contr\u00f4le des fournisseurs et des services. <\/p>\n<\/div>          <\/div>\n  <\/div>\n<\/div>\n\n    <\/div>\n  <\/div>\n<\/div>\n<!-- end Vertical Curved Timeline -->\t\t\t\t<\/div>\n\t\t\t\t<\/div>\n\t\t\t\t\t<\/div>\n\t\t\t\t<\/div>\n\t\t<div class=\"elementor-element elementor-element-38aecc7 e-con-full e-flex e-con e-parent\" data-id=\"38aecc7\" data-element_type=\"container\" data-e-type=\"container\">\n\t\t\t\t<div class=\"elementor-element elementor-element-8d04618 elementor-cta--skin-cover elementor-animated-content elementor-bg-transform elementor-bg-transform-zoom-in elementor-widget elementor-widget-call-to-action\" data-id=\"8d04618\" data-element_type=\"widget\" data-e-type=\"widget\" data-widget_type=\"call-to-action.default\">\n\t\t\t\t<div class=\"elementor-widget-container\">\n\t\t\t\t\t\t\t<a class=\"elementor-cta\" href=\"https:\/\/maitregestion.com\/fr\/devenez-un-client\/\">\n\t\t\t\t\t<div class=\"elementor-cta__bg-wrapper\">\n\t\t\t\t<div class=\"elementor-cta__bg elementor-bg\" style=\"background-image: url(https:\/\/maitregestion.com\/wp-content\/uploads\/2025\/04\/sport-cars-parade-race-highway-scaled.avif);\" role=\"img\" aria-label=\"sport-cars-parade-race-highway\"><\/div>\n\t\t\t\t<div class=\"elementor-cta__bg-overlay\"><\/div>\n\t\t\t<\/div>\n\t\t\t\t\t\t\t<div class=\"elementor-cta__content\">\n\t\t\t\t\n\t\t\t\t\t\t\t\t\t<h2 class=\"elementor-cta__title elementor-cta__content-item elementor-content-item elementor-animated-item--grow\">\n\t\t\t\t\t\tTous nos services sont disponibles sur simple appel t\u00e9l\u00e9phonique\t\t\t\t\t<\/h2>\n\t\t\t\t\n\t\t\t\t\n\t\t\t\t\t\t\t\t\t<div class=\"elementor-cta__button-wrapper elementor-cta__content-item elementor-content-item elementor-animated-item--grow\">\n\t\t\t\t\t<span class=\"elementor-cta__button elementor-button elementor-size-\">\n\t\t\t\t\t\tCONTACTEZ-NOUS\t\t\t\t\t<\/span>\n\t\t\t\t\t<\/div>\n\t\t\t\t\t\t\t<\/div>\n\t\t\t\t\t\t<\/a>\n\t\t\t\t\t\t<\/div>\n\t\t\t\t<\/div>\n\t\t\t\t<\/div>\n\t\t\t\t<\/div>\n\t\t","protected":false},"excerpt":{"rendered":"<p>disponible pour tous vos besoins Un soutien pour tous les styles de vie Ces services suppl\u00e9mentaires sont propos\u00e9s \u00e0 tous les clients de Ma\u00eetre Gestion, quel que soit le type de bien immobilier concern\u00e9, qu&rsquo;il s&rsquo;agisse de chalets, de r\u00e9sidences secondaires, d&rsquo;appartements en copropri\u00e9t\u00e9 ou de complexes immobiliers. Quelle que soit la demande, nous restons [&hellip;]<\/p>\n","protected":false},"author":3,"featured_media":0,"parent":0,"menu_order":0,"comment_status":"closed","ping_status":"closed","template":"elementor_header_footer","meta":{"_monsterinsights_skip_tracking":false,"_monsterinsights_sitenote_active":false,"_monsterinsights_sitenote_note":"","_monsterinsights_sitenote_category":0,"_uf_show_specific_survey":0,"_uf_disable_surveys":false,"site-sidebar-layout":"no-sidebar","site-content-layout":"page-builder","ast-site-content-layout":"full-width-container","site-content-style":"default","site-sidebar-style":"default","ast-global-header-display":"","ast-banner-title-visibility":"","ast-main-header-display":"","ast-hfb-above-header-display":"","ast-hfb-below-header-display":"","ast-hfb-mobile-header-display":"","site-post-title":"disabled","ast-breadcrumbs-content":"","ast-featured-img":"disabled","footer-sml-layout":"","ast-disable-related-posts":"","theme-transparent-header-meta":"default","adv-header-id-meta":"","stick-header-meta":"default","header-above-stick-meta":"","header-main-stick-meta":"","header-below-stick-meta":"","astra-migrate-meta-layouts":"default","ast-page-background-enabled":"default","ast-page-background-meta":{"desktop":{"background-color":"var(--ast-global-color-4)","background-image":"","background-repeat":"repeat","background-position":"center center","background-size":"auto","background-attachment":"scroll","background-type":"","background-media":"","overlay-type":"","overlay-color":"","overlay-opacity":"","overlay-gradient":""},"tablet":{"background-color":"","background-image":"","background-repeat":"repeat","background-position":"center center","background-size":"auto","background-attachment":"scroll","background-type":"","background-media":"","overlay-type":"","overlay-color":"","overlay-opacity":"","overlay-gradient":""},"mobile":{"background-color":"","background-image":"","background-repeat":"repeat","background-position":"center center","background-size":"auto","background-attachment":"scroll","background-type":"","background-media":"","overlay-type":"","overlay-color":"","overlay-opacity":"","overlay-gradient":""}},"ast-content-background-meta":{"desktop":{"background-color":"var(--ast-global-color-5)","background-image":"","background-repeat":"repeat","background-position":"center center","background-size":"auto","background-attachment":"scroll","background-type":"","background-media":"","overlay-type":"","overlay-color":"","overlay-opacity":"","overlay-gradient":""},"tablet":{"background-color":"var(--ast-global-color-5)","background-image":"","background-repeat":"repeat","background-position":"center center","background-size":"auto","background-attachment":"scroll","background-type":"","background-media":"","overlay-type":"","overlay-color":"","overlay-opacity":"","overlay-gradient":""},"mobile":{"background-color":"var(--ast-global-color-5)","background-image":"","background-repeat":"repeat","background-position":"center center","background-size":"auto","background-attachment":"scroll","background-type":"","background-media":"","overlay-type":"","overlay-color":"","overlay-opacity":"","overlay-gradient":""}},"footnotes":""},"class_list":["post-1782","page","type-page","status-publish","hentry"],"aioseo_notices":[],"_links":{"self":[{"href":"https:\/\/maitregestion.com\/fr\/wp-json\/wp\/v2\/pages\/1782","targetHints":{"allow":["GET"]}}],"collection":[{"href":"https:\/\/maitregestion.com\/fr\/wp-json\/wp\/v2\/pages"}],"about":[{"href":"https:\/\/maitregestion.com\/fr\/wp-json\/wp\/v2\/types\/page"}],"author":[{"embeddable":true,"href":"https:\/\/maitregestion.com\/fr\/wp-json\/wp\/v2\/users\/3"}],"replies":[{"embeddable":true,"href":"https:\/\/maitregestion.com\/fr\/wp-json\/wp\/v2\/comments?post=1782"}],"version-history":[{"count":31,"href":"https:\/\/maitregestion.com\/fr\/wp-json\/wp\/v2\/pages\/1782\/revisions"}],"predecessor-version":[{"id":3367,"href":"https:\/\/maitregestion.com\/fr\/wp-json\/wp\/v2\/pages\/1782\/revisions\/3367"}],"wp:attachment":[{"href":"https:\/\/maitregestion.com\/fr\/wp-json\/wp\/v2\/media?parent=1782"}],"curies":[{"name":"wp","href":"https:\/\/api.w.org\/{rel}","templated":true}]}}